{"id":9,"date":"2025-01-16T09:01:43","date_gmt":"2025-01-16T08:01:43","guid":{"rendered":"https:\/\/erjon.dfirma.pl\/eng\/?page_id=9"},"modified":"2025-03-12T11:19:38","modified_gmt":"2025-03-12T10:19:38","slug":"kontakt","status":"publish","type":"page","link":"https:\/\/erjon.com.pl\/eng\/index.php\/kontakt\/","title":{"rendered":"Kontakt"},"content":{"rendered":"<p>[et_pb_section fb_built=&#8221;1&#8243; custom_padding_last_edited=&#8221;on|phone&#8221; _builder_version=&#8221;4.27.4&#8243; _module_preset=&#8221;default&#8221; background_color=&#8221;RGBA(255,255,255,0)&#8221; background_enable_image=&#8221;off&#8221; min_height=&#8221;70vh&#8221; min_height_tablet=&#8221;70vh&#8221; min_height_phone=&#8221;70vh&#8221; min_height_last_edited=&#8221;on|phone&#8221; custom_padding=&#8221;0px||0px||false|false&#8221; custom_padding_tablet=&#8221;0px||0px||false|false&#8221; custom_padding_phone=&#8221;0px||0px||false|false&#8221; global_colors_info=&#8221;{}&#8221;][et_pb_row column_structure=&#8221;1_2,1_2&#8243; _builder_version=&#8221;4.27.4&#8243; _module_preset=&#8221;default&#8221; width=&#8221;97%&#8221; max_width=&#8221;100%&#8221; custom_margin=&#8221;||||false|false&#8221; custom_margin_tablet=&#8221;||120px||false|false&#8221; custom_margin_phone=&#8221;||0px||false|false&#8221; custom_margin_last_edited=&#8221;on|phone&#8221; custom_padding=&#8221;10px||10px||false|false&#8221; global_colors_info=&#8221;{}&#8221;][et_pb_column type=&#8221;1_2&#8243; _builder_version=&#8221;4.27.4&#8243; _module_preset=&#8221;default&#8221; global_colors_info=&#8221;{}&#8221;][et_pb_text _builder_version=&#8221;4.27.4&#8243; _module_preset=&#8221;default&#8221; text_font=&#8221;Arial||||||||&#8221; text_text_color=&#8221;#000000&#8243; text_font_size=&#8221;16px&#8221; header_3_font=&#8221;Arial||||||||&#8221; header_3_text_color=&#8221;#000000&#8243; header_3_font_size=&#8221;24px&#8221; header_3_line_height=&#8221;1.3em&#8221; global_colors_info=&#8221;{}&#8221;]<\/p>\n<p><strong>Company Owner:<br \/>Chief Technologist\/Designer<\/strong><\/p>\n<p class=\"indent\">in\u017c. Grzegorz Ernestowicz<br \/>tel.. 504-953-104<br \/>e-mail: <a href=\"mailto:g.ernestowicz@erjon.com.pl\">g.ernestowicz@erjon.com.pl<\/a><\/p>\n<p>Injection Mold Designer:<\/p>\n<p class=\"indent\">in\u017c. Artur Jo\u0144czyk<br \/>e-mail: <a href=\"mailto:a.jonczyk@erjon.com.pl\">a.jonczyk@erjon.com.pl<\/a><\/p>\n<p><strong>Logistics &amp; Procurement:<\/strong><\/p>\n<p class=\"indent\">mgr in\u017c. Adam Ernestowicz<br \/>tel. 507-767-277<br \/>e-mail: <a href=\"mailto:a.ernestowicz@erjon.com.pl\">a.ernestowicz@erjon.com.pl<\/a><\/p>\n<p><strong>Company Address and Details:<\/strong><\/p>\n<p class=\"indent\"><strong>Biuro Technologiczno-Konstrukcyjne ERJON<br \/><\/strong>Grzegorz Ernestowicz<br \/>ul. Kaznowskiego 3\/65<br \/>25-636 Kielce, POLAND<\/p>\n<p class=\"indent\">Company Name Abbreviated: BTK ERJON<\/p>\n<p class=\"indent\">Tax Identification Number: PL 657 146 63 09<br \/>REGON: 260137967<\/p>\n<p class=\"indent\">Bank Account Number VELOBANK PLN: 77 1560 0013 2849 7008 7000 0004<br \/>Bank Account Number VELOBANK EUR: 39 1560 0013 2379 8709 3000 0007<br \/>KOD SWIFT: GBGCPLPK<\/p>\n<p>[\/et_pb_text][\/et_pb_column][et_pb_column type=&#8221;1_2&#8243; _builder_version=&#8221;4.27.4&#8243; _module_preset=&#8221;default&#8221; global_colors_info=&#8221;{}&#8221;][et_pb_image src=&#8221;https:\/\/erjon.com.pl\/eng\/wp-content\/uploads\/2025\/03\/mapa.jpg&#8221; title_text=&#8221;mapa&#8221; _builder_version=&#8221;4.27.4&#8243; _module_preset=&#8221;default&#8221; width=&#8221;62%&#8221; module_alignment=&#8221;left&#8221; custom_margin=&#8221;10px||9px||false|false&#8221; global_colors_info=&#8221;{}&#8221;][\/et_pb_image][et_pb_text _builder_version=&#8221;4.27.4&#8243; _module_preset=&#8221;default&#8221; text_font=&#8221;Arial||||||||&#8221; text_text_color=&#8221;#000000&#8243; text_font_size=&#8221;16px&#8221; header_3_font=&#8221;Arial||||||||&#8221; header_3_text_color=&#8221;#000000&#8243; header_3_font_size=&#8221;24px&#8221; header_3_line_height=&#8221;1.3em&#8221; global_colors_info=&#8221;{}&#8221;]Sales markets of the BTK ERJON company:<br \/>\n<span>\u00b7<\/span><span>\u00a0\u00a0\u00a0\u00a0<\/span>Poland<br \/>\n<span>\u00b7<\/span><span>\u00a0\u00a0\u00a0\u00a0<\/span>Germany<br \/>\n<span>\u00b7<\/span><span>\u00a0\u00a0\u00a0\u00a0<\/span>Netherlands<br \/>\n<span>\u00b7<\/span><span>\u00a0\u00a0\u00a0\u00a0<\/span>Austria<br \/>\n<span>\u00b7<\/span><span>\u00a0\u00a0\u00a0\u00a0<\/span>Belgium<br \/>\n<span>\u00b7<\/span><span>\u00a0\u00a0\u00a0\u00a0<\/span>Switzerland<br \/>\n<span>\u00b7<\/span><span>\u00a0\u00a0\u00a0\u00a0<\/span>Sweden.[\/et_pb_text][\/et_pb_column][\/et_pb_row][et_pb_row _builder_version=&#8221;4.27.4&#8243; _module_preset=&#8221;default&#8221; width=&#8221;97%&#8221; max_width=&#8221;100%&#8221; custom_margin=&#8221;||||false|false&#8221; custom_margin_tablet=&#8221;||120px||false|false&#8221; custom_margin_phone=&#8221;||0px||false|false&#8221; custom_margin_last_edited=&#8221;on|phone&#8221; custom_padding=&#8221;0px||10px||false|false&#8221; global_colors_info=&#8221;{}&#8221;][et_pb_column type=&#8221;4_4&#8243; _builder_version=&#8221;4.27.4&#8243; _module_preset=&#8221;default&#8221; global_colors_info=&#8221;{}&#8221;][et_pb_text _builder_version=&#8221;4.27.4&#8243; _module_preset=&#8221;default&#8221; text_font=&#8221;Arial||||||||&#8221; text_text_color=&#8221;#000000&#8243; text_font_size=&#8221;18px&#8221; header_3_font=&#8221;Arial||||||||&#8221; header_3_text_color=&#8221;#000000&#8243; header_3_font_size=&#8221;24px&#8221; header_3_line_height=&#8221;1.3em&#8221; custom_margin=&#8221;||10px||false|false&#8221; custom_padding=&#8221;||0px||false|false&#8221; global_colors_info=&#8221;{}&#8221;]<\/p>\n<p style=\"text-align: justify; font-family: 'Arial Narrow', Arial, sans-serif;\"><strong>Send Message<\/strong><\/p>\n<p>[\/et_pb_text][et_pb_contact_form submit_button_text=&#8221;send&#8221; _builder_version=&#8221;4.27.4&#8243; _module_preset=&#8221;default&#8221; _unique_id=&#8221;9a06000a-e041-43f0-8352-c55297529bdb&#8221; form_field_background_color=&#8221;RGBA(255,255,255,0)&#8221; form_field_text_color=&#8221;#0b0b0b&#8221; form_field_focus_text_color=&#8221;#000000&#8243; captcha_font=&#8221;|700|||||||&#8221; captcha_text_color=&#8221;#0b0b0b&#8221; custom_button=&#8221;on&#8221; button_text_size=&#8221;16px&#8221; button_text_color=&#8221;#000000&#8243; button_bg_color=&#8221;RGBA(255,255,255,0)&#8221; button_border_width=&#8221;1px&#8221; button_border_color=&#8221;#0d0d0d&#8221; button_font=&#8221;Arial|||on|||||&#8221; border_width_all=&#8221;1px&#8221; border_color_all=&#8221;#0d0d0d&#8221; global_colors_info=&#8221;{}&#8221;][et_pb_contact_field field_id=&#8221;Name&#8221; field_title=&#8221;Name&#8221; _builder_version=&#8221;4.27.4&#8243; global_colors_info=&#8221;{}&#8221; button_text_size__hover_enabled=&#8221;off&#8221; button_one_text_size__hover_enabled=&#8221;off&#8221; button_two_text_size__hover_enabled=&#8221;off&#8221; button_text_color__hover_enabled=&#8221;off&#8221; button_one_text_color__hover_enabled=&#8221;off&#8221; button_two_text_color__hover_enabled=&#8221;off&#8221; button_border_width__hover_enabled=&#8221;off&#8221; button_one_border_width__hover_enabled=&#8221;off&#8221; button_two_border_width__hover_enabled=&#8221;off&#8221; button_border_color__hover_enabled=&#8221;off&#8221; button_one_border_color__hover_enabled=&#8221;off&#8221; button_two_border_color__hover_enabled=&#8221;off&#8221; button_border_radius__hover_enabled=&#8221;off&#8221; button_one_border_radius__hover_enabled=&#8221;off&#8221; button_two_border_radius__hover_enabled=&#8221;off&#8221; button_letter_spacing__hover_enabled=&#8221;off&#8221; button_one_letter_spacing__hover_enabled=&#8221;off&#8221; button_two_letter_spacing__hover_enabled=&#8221;off&#8221; button_bg_color__hover_enabled=&#8221;off&#8221; button_one_bg_color__hover_enabled=&#8221;off&#8221; button_two_bg_color__hover_enabled=&#8221;off&#8221;][\/et_pb_contact_field][et_pb_contact_field field_id=&#8221;Last_Name&#8221; field_title=&#8221;Last Name&#8221; _builder_version=&#8221;4.27.4&#8243; global_colors_info=&#8221;{}&#8221; button_text_size__hover_enabled=&#8221;off&#8221; button_one_text_size__hover_enabled=&#8221;off&#8221; button_two_text_size__hover_enabled=&#8221;off&#8221; button_text_color__hover_enabled=&#8221;off&#8221; button_one_text_color__hover_enabled=&#8221;off&#8221; button_two_text_color__hover_enabled=&#8221;off&#8221; button_border_width__hover_enabled=&#8221;off&#8221; button_one_border_width__hover_enabled=&#8221;off&#8221; button_two_border_width__hover_enabled=&#8221;off&#8221; button_border_color__hover_enabled=&#8221;off&#8221; button_one_border_color__hover_enabled=&#8221;off&#8221; button_two_border_color__hover_enabled=&#8221;off&#8221; button_border_radius__hover_enabled=&#8221;off&#8221; button_one_border_radius__hover_enabled=&#8221;off&#8221; button_two_border_radius__hover_enabled=&#8221;off&#8221; button_letter_spacing__hover_enabled=&#8221;off&#8221; button_one_letter_spacing__hover_enabled=&#8221;off&#8221; button_two_letter_spacing__hover_enabled=&#8221;off&#8221; button_bg_color__hover_enabled=&#8221;off&#8221; button_one_bg_color__hover_enabled=&#8221;off&#8221; button_two_bg_color__hover_enabled=&#8221;off&#8221;][\/et_pb_contact_field][et_pb_contact_field field_id=&#8221;Company_Name_(or_private_person)&#8221; field_title=&#8221;Company Name (or private person)&#8221; fullwidth_field=&#8221;on&#8221; _builder_version=&#8221;4.27.4&#8243; global_colors_info=&#8221;{}&#8221; button_text_size__hover_enabled=&#8221;off&#8221; button_one_text_size__hover_enabled=&#8221;off&#8221; button_two_text_size__hover_enabled=&#8221;off&#8221; button_text_color__hover_enabled=&#8221;off&#8221; button_one_text_color__hover_enabled=&#8221;off&#8221; button_two_text_color__hover_enabled=&#8221;off&#8221; button_border_width__hover_enabled=&#8221;off&#8221; button_one_border_width__hover_enabled=&#8221;off&#8221; button_two_border_width__hover_enabled=&#8221;off&#8221; button_border_color__hover_enabled=&#8221;off&#8221; button_one_border_color__hover_enabled=&#8221;off&#8221; button_two_border_color__hover_enabled=&#8221;off&#8221; button_border_radius__hover_enabled=&#8221;off&#8221; button_one_border_radius__hover_enabled=&#8221;off&#8221; button_two_border_radius__hover_enabled=&#8221;off&#8221; button_letter_spacing__hover_enabled=&#8221;off&#8221; button_one_letter_spacing__hover_enabled=&#8221;off&#8221; button_two_letter_spacing__hover_enabled=&#8221;off&#8221; button_bg_color__hover_enabled=&#8221;off&#8221; button_one_bg_color__hover_enabled=&#8221;off&#8221; button_two_bg_color__hover_enabled=&#8221;off&#8221;][\/et_pb_contact_field][et_pb_contact_field field_id=&#8221;E-mail&#8221; field_title=&#8221;E-mail&#8221; _builder_version=&#8221;4.27.4&#8243; global_colors_info=&#8221;{}&#8221; button_text_size__hover_enabled=&#8221;off&#8221; button_one_text_size__hover_enabled=&#8221;off&#8221; button_two_text_size__hover_enabled=&#8221;off&#8221; button_text_color__hover_enabled=&#8221;off&#8221; button_one_text_color__hover_enabled=&#8221;off&#8221; button_two_text_color__hover_enabled=&#8221;off&#8221; button_border_width__hover_enabled=&#8221;off&#8221; button_one_border_width__hover_enabled=&#8221;off&#8221; button_two_border_width__hover_enabled=&#8221;off&#8221; button_border_color__hover_enabled=&#8221;off&#8221; button_one_border_color__hover_enabled=&#8221;off&#8221; button_two_border_color__hover_enabled=&#8221;off&#8221; button_border_radius__hover_enabled=&#8221;off&#8221; button_one_border_radius__hover_enabled=&#8221;off&#8221; button_two_border_radius__hover_enabled=&#8221;off&#8221; button_letter_spacing__hover_enabled=&#8221;off&#8221; button_one_letter_spacing__hover_enabled=&#8221;off&#8221; button_two_letter_spacing__hover_enabled=&#8221;off&#8221; button_bg_color__hover_enabled=&#8221;off&#8221; button_one_bg_color__hover_enabled=&#8221;off&#8221; button_two_bg_color__hover_enabled=&#8221;off&#8221;][\/et_pb_contact_field][et_pb_contact_field field_id=&#8221;Phone&#8221; field_title=&#8221;Phone&#8221; _builder_version=&#8221;4.27.4&#8243; global_colors_info=&#8221;{}&#8221; button_text_size__hover_enabled=&#8221;off&#8221; button_one_text_size__hover_enabled=&#8221;off&#8221; button_two_text_size__hover_enabled=&#8221;off&#8221; button_text_color__hover_enabled=&#8221;off&#8221; button_one_text_color__hover_enabled=&#8221;off&#8221; button_two_text_color__hover_enabled=&#8221;off&#8221; button_border_width__hover_enabled=&#8221;off&#8221; button_one_border_width__hover_enabled=&#8221;off&#8221; button_two_border_width__hover_enabled=&#8221;off&#8221; button_border_color__hover_enabled=&#8221;off&#8221; button_one_border_color__hover_enabled=&#8221;off&#8221; button_two_border_color__hover_enabled=&#8221;off&#8221; button_border_radius__hover_enabled=&#8221;off&#8221; button_one_border_radius__hover_enabled=&#8221;off&#8221; button_two_border_radius__hover_enabled=&#8221;off&#8221; button_letter_spacing__hover_enabled=&#8221;off&#8221; button_one_letter_spacing__hover_enabled=&#8221;off&#8221; button_two_letter_spacing__hover_enabled=&#8221;off&#8221; button_bg_color__hover_enabled=&#8221;off&#8221; button_one_bg_color__hover_enabled=&#8221;off&#8221; button_two_bg_color__hover_enabled=&#8221;off&#8221;][\/et_pb_contact_field][et_pb_contact_field field_id=&#8221;Message&#8221; field_title=&#8221;Message&#8221; field_type=&#8221;text&#8221; fullwidth_field=&#8221;on&#8221; _builder_version=&#8221;4.27.4&#8243; custom_margin=&#8221;||3%||false|false&#8221; global_colors_info=&#8221;{}&#8221; button_text_size__hover_enabled=&#8221;off&#8221; button_one_text_size__hover_enabled=&#8221;off&#8221; button_two_text_size__hover_enabled=&#8221;off&#8221; button_text_color__hover_enabled=&#8221;off&#8221; button_one_text_color__hover_enabled=&#8221;off&#8221; button_two_text_color__hover_enabled=&#8221;off&#8221; button_border_width__hover_enabled=&#8221;off&#8221; button_one_border_width__hover_enabled=&#8221;off&#8221; button_two_border_width__hover_enabled=&#8221;off&#8221; button_border_color__hover_enabled=&#8221;off&#8221; button_one_border_color__hover_enabled=&#8221;off&#8221; button_two_border_color__hover_enabled=&#8221;off&#8221; button_border_radius__hover_enabled=&#8221;off&#8221; button_one_border_radius__hover_enabled=&#8221;off&#8221; button_two_border_radius__hover_enabled=&#8221;off&#8221; button_letter_spacing__hover_enabled=&#8221;off&#8221; button_one_letter_spacing__hover_enabled=&#8221;off&#8221; button_two_letter_spacing__hover_enabled=&#8221;off&#8221; button_bg_color__hover_enabled=&#8221;off&#8221; button_one_bg_color__hover_enabled=&#8221;off&#8221; button_two_bg_color__hover_enabled=&#8221;off&#8221;][\/et_pb_contact_field][\/et_pb_contact_form][\/et_pb_column][\/et_pb_row][\/et_pb_section][et_pb_section fb_built=&#8221;1&#8243; custom_padding_last_edited=&#8221;off|desktop&#8221; _builder_version=&#8221;4.27.4&#8243; _module_preset=&#8221;default&#8221; background_color=&#8221;RGBA(255,255,255,0)&#8221; background_image=&#8221;https:\/\/erjon.com.pl\/eng\/wp-content\/uploads\/2025\/02\/153.jpg&#8221; positioning=&#8221;none&#8221; position_origin_a=&#8221;bottom_center&#8221; position_origin_f=&#8221;bottom_center&#8221; z_index=&#8221;500&#8243; min_height_last_edited=&#8221;off|desktop&#8221; custom_padding=&#8221;0px||0px||false|false&#8221; custom_padding_tablet=&#8221;0px||0px||false|false&#8221; custom_padding_phone=&#8221;||100px||false|false&#8221; global_module=&#8221;215&#8243; saved_tabs=&#8221;all&#8221; global_colors_info=&#8221;{}&#8221; background__hover_enabled=&#8221;off|desktop&#8221;][et_pb_row use_custom_gutter=&#8221;on&#8221; gutter_width=&#8221;1&#8243; _builder_version=&#8221;4.27.4&#8243; _module_preset=&#8221;default&#8221; background_image=&#8221;https:\/\/erjon.com.pl\/eng\/wp-content\/uploads\/2025\/02\/123401-2.jpg&#8221; background_size=&#8221;contain&#8221; background_position=&#8221;bottom_center&#8221; background_repeat=&#8221;repeat-x&#8221; positioning=&#8221;none&#8221; position_origin_a=&#8221;bottom_center&#8221; position_origin_f=&#8221;bottom_center&#8221; z_index=&#8221;500&#8243; position_origin_a_tablet=&#8221;bottom_center&#8221; position_origin_a_phone=&#8221;bottom_center&#8221; position_origin_a_last_edited=&#8221;on|phone&#8221; position_origin_f_tablet=&#8221;bottom_center&#8221; position_origin_f_phone=&#8221;bottom_center&#8221; position_origin_f_last_edited=&#8221;on|phone&#8221; position_origin_r_tablet=&#8221;&#8221; position_origin_r_phone=&#8221;&#8221; position_origin_r_last_edited=&#8221;on|phone&#8221; width=&#8221;100%&#8221; max_width=&#8221;100%&#8221; custom_margin=&#8221;0px||0px||false|false&#8221; custom_padding=&#8221;0px||0px||true|false&#8221; positioning_tablet=&#8221;fixed&#8221; positioning_phone=&#8221;none&#8221; positioning_last_edited=&#8221;on|phone&#8221; global_colors_info=&#8221;{}&#8221;][et_pb_column type=&#8221;4_4&#8243; _builder_version=&#8221;4.27.4&#8243; _module_preset=&#8221;default&#8221; global_colors_info=&#8221;{}&#8221;][et_pb_code _builder_version=&#8221;4.27.4&#8243; _module_preset=&#8221;default&#8221; background_image=&#8221;https:\/\/erjon.com.pl\/eng\/wp-content\/uploads\/2025\/02\/2erjon_footer.png&#8221; background_size=&#8221;stretch&#8221; custom_margin=&#8221;5px||5px||true|false&#8221; custom_margin_tablet=&#8221;5px||5px||true|false&#8221; custom_margin_phone=&#8221;3px||3px||true|false&#8221; custom_margin_last_edited=&#8221;on|phone&#8221; hover_enabled=&#8221;0&#8243; background_last_edited=&#8221;on|phone&#8221; background_image_phone=&#8221;https:\/\/erjon.com.pl\/eng\/wp-content\/uploads\/2025\/02\/MOBILE-FOOTER.png&#8221; background_enable_image_phone=&#8221;on&#8221; global_colors_info=&#8221;{}&#8221; sticky_enabled=&#8221;0&#8243;] <\/p>\n<style><!-- [et_pb_line_break_holder] -->        @keyframes scrollText {<!-- [et_pb_line_break_holder] -->            from {<!-- [et_pb_line_break_holder] -->                transform: translateX(100%);<!-- [et_pb_line_break_holder] -->            }<!-- [et_pb_line_break_holder] -->            to {<!-- [et_pb_line_break_holder] -->                transform: translateX(-100%);<!-- [et_pb_line_break_holder] -->            }<!-- [et_pb_line_break_holder] -->        }<!-- [et_pb_line_break_holder] --><!-- [et_pb_line_break_holder] -->        .marquee-container {<!-- [et_pb_line_break_holder] -->            height: 50px;<!-- [et_pb_line_break_holder] -->            display: flex;<!-- [et_pb_line_break_holder] -->            align-items: center;<!-- [et_pb_line_break_holder] -->            overflow: hidden;<!-- [et_pb_line_break_holder] -->            white-space: nowrap;<!-- [et_pb_line_break_holder] -->            position: relative;<!-- [et_pb_line_break_holder] -->            font-family: \"Arial Narrow\", sans-serif;<!-- [et_pb_line_break_holder] -->            font-size: 20px;<!-- [et_pb_line_break_holder] -->            color: #cbcbcb;<!-- [et_pb_line_break_holder] -->            text-align: center;<!-- [et_pb_line_break_holder] -->            margin-left: 5%;<!-- [et_pb_line_break_holder] -->           \tmargin-right: 6%;<!-- [et_pb_line_break_holder] -->        }<!-- [et_pb_line_break_holder] --><!-- [et_pb_line_break_holder] -->        .marquee-text {<!-- [et_pb_line_break_holder] -->            display: inline-block;<!-- [et_pb_line_break_holder] -->            animation: scrollText 18s linear infinite;<!-- [et_pb_line_break_holder] -->        }<!-- [et_pb_line_break_holder] -->   @media (max-width: 768px) {<!-- [et_pb_line_break_holder] -->    .marquee-container {<!-- [et_pb_line_break_holder] -->        font-size: 17px;<!-- [et_pb_line_break_holder] -->        margin-left: 20%;<!-- [et_pb_line_break_holder] -->        margin-right: 25%;<!-- [et_pb_line_break_holder] -->    }<!-- [et_pb_line_break_holder] -->}<!-- [et_pb_line_break_holder] --><!-- [et_pb_line_break_holder] -->    <\/style>\n<p><!-- [et_pb_line_break_holder] --><\/head><!-- [et_pb_line_break_holder] --><body><!-- [et_pb_line_break_holder] -->    <\/p>\n<div class=\"marquee-container\"><!-- [et_pb_line_break_holder] -->        <span class=\"marquee-text\">DESIGN and PRODUCTION: PARTS, MACHINES, DEVICES, TOOLS, TECHNOLOGICAL EQUIPMENTS, GAUGES, MEASURING INSTRUMENTS, etc.<\/span><!-- [et_pb_line_break_holder] -->    <\/div>\n<p><!-- [et_pb_line_break_holder] --><\/body>[\/et_pb_code][\/et_pb_column][\/et_pb_row][\/et_pb_section]<\/p>\n","protected":false},"excerpt":{"rendered":"<p>Company Owner:Chief Technologist\/Designer in\u017c. Grzegorz Ernestowicztel.. 504-953-104e-mail: g.ernestowicz@erjon.com.pl Injection Mold Designer: in\u017c. Artur Jo\u0144czyke-mail: a.jonczyk@erjon.com.pl Logistics &amp; Procurement: mgr in\u017c. Adam Ernestowicztel. 507-767-277e-mail: a.ernestowicz@erjon.com.pl Company Address and Details: Biuro Technologiczno-Konstrukcyjne ERJONGrzegorz Ernestowiczul. Kaznowskiego 3\/6525-636 Kielce, POLAND Company Name Abbreviated: BTK ERJON Tax Identification Number: PL 657 146 63 09REGON: 260137967 Bank Account Number VELOBANK PLN: [&hellip;]<\/p>\n","protected":false},"author":1,"featured_media":0,"parent":0,"menu_order":0,"comment_status":"closed","ping_status":"closed","template":"page-template-blank.php","meta":{"_et_pb_use_builder":"on","_et_pb_old_content":"","_et_gb_content_width":"","footnotes":""},"class_list":["post-9","page","type-page","status-publish","hentry"],"_links":{"self":[{"href":"https:\/\/erjon.com.pl\/eng\/index.php\/wp-json\/wp\/v2\/pages\/9","targetHints":{"allow":["GET"]}}],"collection":[{"href":"https:\/\/erjon.com.pl\/eng\/index.php\/wp-json\/wp\/v2\/pages"}],"about":[{"href":"https:\/\/erjon.com.pl\/eng\/index.php\/wp-json\/wp\/v2\/types\/page"}],"author":[{"embeddable":true,"href":"https:\/\/erjon.com.pl\/eng\/index.php\/wp-json\/wp\/v2\/users\/1"}],"replies":[{"embeddable":true,"href":"https:\/\/erjon.com.pl\/eng\/index.php\/wp-json\/wp\/v2\/comments?post=9"}],"version-history":[{"count":20,"href":"https:\/\/erjon.com.pl\/eng\/index.php\/wp-json\/wp\/v2\/pages\/9\/revisions"}],"predecessor-version":[{"id":468,"href":"https:\/\/erjon.com.pl\/eng\/index.php\/wp-json\/wp\/v2\/pages\/9\/revisions\/468"}],"wp:attachment":[{"href":"https:\/\/erjon.com.pl\/eng\/index.php\/wp-json\/wp\/v2\/media?parent=9"}],"curies":[{"name":"wp","href":"https:\/\/api.w.org\/{rel}","templated":true}]}}