{"id":5,"date":"2025-01-16T09:01:43","date_gmt":"2025-01-16T08:01:43","guid":{"rendered":"https:\/\/erjon.dfirma.pl\/?page_id=5"},"modified":"2025-03-05T14:28:02","modified_gmt":"2025-03-05T13:28:02","slug":"o-firmie","status":"publish","type":"page","link":"https:\/\/erjon.com.pl\/","title":{"rendered":"O firmie"},"content":{"rendered":"<p>[et_pb_section fb_built=&#8221;1&#8243; custom_padding_last_edited=&#8221;on|phone&#8221; _builder_version=&#8221;4.27.4&#8243; _module_preset=&#8221;default&#8221; background_color=&#8221;RGBA(255,255,255,0)&#8221; background_enable_image=&#8221;off&#8221; min_height=&#8221;70vh&#8221; min_height_tablet=&#8221;70vh&#8221; min_height_phone=&#8221;70vh&#8221; min_height_last_edited=&#8221;on|phone&#8221; custom_padding=&#8221;0px||0px||false|false&#8221; custom_padding_tablet=&#8221;0px||0px||false|false&#8221; custom_padding_phone=&#8221;0px||0px||false|false&#8221; global_colors_info=&#8221;{}&#8221;][et_pb_row _builder_version=&#8221;4.27.4&#8243; _module_preset=&#8221;default&#8221; width=&#8221;97%&#8221; max_width=&#8221;100%&#8221; custom_margin=&#8221;||||false|false&#8221; custom_margin_tablet=&#8221;||120px||false|false&#8221; custom_margin_phone=&#8221;||0px||false|false&#8221; custom_margin_last_edited=&#8221;on|phone&#8221; custom_padding=&#8221;10px||10px||false|false&#8221; global_colors_info=&#8221;{}&#8221;][et_pb_column type=&#8221;4_4&#8243; _builder_version=&#8221;4.27.4&#8243; _module_preset=&#8221;default&#8221; global_colors_info=&#8221;{}&#8221;][et_pb_text _builder_version=&#8221;4.27.4&#8243; _module_preset=&#8221;default&#8221; text_font=&#8221;Arial||||||||&#8221; text_text_color=&#8221;#000000&#8243; text_font_size=&#8221;16px&#8221; header_3_font=&#8221;Arial||||||||&#8221; header_3_text_color=&#8221;#007fff&#8221; header_3_line_height=&#8221;1.3em&#8221; hover_enabled=&#8221;0&#8243; global_colors_info=&#8221;{}&#8221; sticky_enabled=&#8221;0&#8243;]<\/p>\n<h3 style=\"text-align: left; font-family: 'Arial Narrow', Arial, sans-serif;\">Witamy na stronie internetowej Biura Technologiczno-Konstrukcyjnego ERJON.<\/h3>\n<p style=\"text-align: justify;\"><strong>Jeste\u015bmy profesjonalnym BIUREM TECHNOLOGICZNO-KONSTRUKCYJNYM, kt\u00f3rego g\u0142\u00f3wn\u0105 dzia\u0142alno\u015bci\u0105 jest projektowanie i produkcja narz\u0119dzi, oprzyrz\u0105dowa\u0144, maszyn oraz cz\u0119\u015bci i detali dla wszystkich bran\u017c przemys\u0142u. Nasza dzia\u0142alno\u015b\u0107 obejmuje tak\u017ce opracowywanie technologii i udzielanie pomocy technicznej. <\/strong><\/p>\n<p style=\"text-align: justify;\">Od roku 2000 \u015bwiadczymy swoje us\u0142ugi projektowo-konstrukcyjne oraz produkcyjne oparte na gruntownej wiedzy i fachowo\u015bci. Szczycimy si\u0119 zrealizowanymi projektami i zdobytemu do\u015bwiadczeniu, kt\u00f3re jest systematycznie pog\u0142\u0119biane przy kolejnych pracach i zam\u00f3wieniach. Tworz\u0105c nast\u0119pne dokumentacje techniczne albo produkuj\u0105c nowe narz\u0119dzia lub maszyny korzystamy nie tylko z wypracowanego ju\u017c dorobku, ale tak\u017ce z osi\u0105gni\u0119\u0107 najnowszej wiedzy technicznej np. w doborze nowych materia\u0142\u00f3w, pokry\u0107 antykorozyjnych, itp. Wiedz\u0119 t\u0119 regularnie pog\u0142\u0119biamy uczestnicz\u0105c w targach bran\u017cowych i seminariach naukowych a tak\u017ce z fachowej literatury i dedykowanych opracowa\u0144 technicznych.<\/p>\n<p style=\"text-align: justify;\"><strong>Kolejnym wa\u017cnym punktem w dzia\u0142alno\u015bci naszej firmy BTK ERJON jest wykonawstwo cz\u0119\u015bci i podzespo\u0142\u00f3w zamiennych dla Dzia\u0142\u00f3w Utrzymania Ruchu. Jeste\u015bmy w stanie odtworzy\u0107 cz\u0119\u015bci lub modu\u0142y mechaniczne, kt\u00f3re wcze\u015bniej pracowa\u0142y w liniach produkcyjnych naszych Klient\u00f3w, a na kt\u00f3re nie ma rysunk\u00f3w. W takich przypadkach wykonujemy tak\u017ce pe\u0142n\u0105 dokumentacj\u0119, aby Dzia\u0142 Utrzymania Ruchu Klienta mia\u0142 wszystkie dane techniczne na przysz\u0142o\u015b\u0107. Mo\u017cemy r\u00f3wnie\u017c zaproponowa\u0107 utrzymywanie u siebie zapas\u00f3w cz\u0119\u015bci i narz\u0119dzi, kt\u00f3re w ka\u017cdej chwili, na pro\u015bb\u0119 Klienta mo\u017cemy natychmiast dostarczy\u0107 w\u0142asnym transportem lub wys\u0142a\u0107 kurierem.<\/strong><\/p>\n<p style=\"text-align: justify;\">Zapraszamy do obejrzenia projekt\u00f3w i zdj\u0119\u0107 z naszej dzia\u0142alno\u015bci. Liczymy na Pa\u0144stwa kontakt w przypadku nowych zapotrzebowa\u0144 w Waszych firmach. Gwarantujemy profesjonalizm, terminowo\u015b\u0107 i lojalno\u015b\u0107.<\/p>\n<p style=\"text-align: justify;\"><strong>Serdecznie zapraszamy!<\/strong><\/p>\n<p>[\/et_pb_text][\/et_pb_column][\/et_pb_row][\/et_pb_section][et_pb_section fb_built=&#8221;1&#8243; custom_padding_last_edited=&#8221;off|desktop&#8221; _builder_version=&#8221;4.27.4&#8243; _module_preset=&#8221;default&#8221; background_color=&#8221;RGBA(255,255,255,0)&#8221; background_image=&#8221;https:\/\/erjon.com.pl\/wp-content\/uploads\/2025\/02\/153.jpg&#8221; positioning=&#8221;none&#8221; position_origin_a=&#8221;bottom_center&#8221; position_origin_f=&#8221;bottom_center&#8221; z_index=&#8221;500&#8243; min_height_last_edited=&#8221;off|desktop&#8221; custom_padding=&#8221;0px||0px||false|false&#8221; custom_padding_tablet=&#8221;0px||0px||false|false&#8221; custom_padding_phone=&#8221;||100px||false|false&#8221; global_module=&#8221;215&#8243; saved_tabs=&#8221;all&#8221; global_colors_info=&#8221;{}&#8221; background__hover_enabled=&#8221;off|desktop&#8221;][et_pb_row use_custom_gutter=&#8221;on&#8221; gutter_width=&#8221;1&#8243; _builder_version=&#8221;4.27.4&#8243; _module_preset=&#8221;default&#8221; background_image=&#8221;https:\/\/erjon.com.pl\/wp-content\/uploads\/2025\/02\/123401-2.jpg&#8221; background_size=&#8221;contain&#8221; background_position=&#8221;bottom_center&#8221; background_repeat=&#8221;repeat-x&#8221; positioning=&#8221;none&#8221; position_origin_a=&#8221;bottom_center&#8221; position_origin_f=&#8221;bottom_center&#8221; z_index=&#8221;500&#8243; position_origin_a_tablet=&#8221;bottom_center&#8221; position_origin_a_phone=&#8221;bottom_center&#8221; position_origin_a_last_edited=&#8221;on|phone&#8221; position_origin_f_tablet=&#8221;bottom_center&#8221; position_origin_f_phone=&#8221;bottom_center&#8221; position_origin_f_last_edited=&#8221;on|phone&#8221; position_origin_r_tablet=&#8221;&#8221; position_origin_r_phone=&#8221;&#8221; position_origin_r_last_edited=&#8221;on|phone&#8221; width=&#8221;100%&#8221; max_width=&#8221;100%&#8221; custom_margin=&#8221;0px||0px||false|false&#8221; custom_padding=&#8221;0px||0px||true|false&#8221; positioning_tablet=&#8221;fixed&#8221; positioning_phone=&#8221;none&#8221; positioning_last_edited=&#8221;on|phone&#8221; global_colors_info=&#8221;{}&#8221;][et_pb_column type=&#8221;4_4&#8243; _builder_version=&#8221;4.27.4&#8243; _module_preset=&#8221;default&#8221; global_colors_info=&#8221;{}&#8221;][et_pb_code _builder_version=&#8221;4.27.4&#8243; _module_preset=&#8221;default&#8221; background_image=&#8221;https:\/\/erjon.com.pl\/wp-content\/uploads\/2025\/02\/2erjon_footer.png&#8221; background_size=&#8221;stretch&#8221; custom_margin=&#8221;5px||5px||true|false&#8221; custom_margin_tablet=&#8221;5px||5px||true|false&#8221; custom_margin_phone=&#8221;3px||3px||true|false&#8221; custom_margin_last_edited=&#8221;on|phone&#8221; background_last_edited=&#8221;on|phone&#8221; background_image_phone=&#8221;https:\/\/erjon.com.pl\/wp-content\/uploads\/2025\/02\/MOBILE-FOOTER.png&#8221; background_enable_image_phone=&#8221;on&#8221; global_colors_info=&#8221;{}&#8221;] <\/p>\n<style><!-- [et_pb_line_break_holder] -->        @keyframes scrollText {<!-- [et_pb_line_break_holder] -->            from {<!-- [et_pb_line_break_holder] -->                transform: translateX(100%);<!-- [et_pb_line_break_holder] -->            }<!-- [et_pb_line_break_holder] -->            to {<!-- [et_pb_line_break_holder] -->                transform: translateX(-100%);<!-- [et_pb_line_break_holder] -->            }<!-- [et_pb_line_break_holder] -->        }<!-- [et_pb_line_break_holder] --><!-- [et_pb_line_break_holder] -->        .marquee-container {<!-- [et_pb_line_break_holder] -->            height: 50px;<!-- [et_pb_line_break_holder] -->            display: flex;<!-- [et_pb_line_break_holder] -->            align-items: center;<!-- [et_pb_line_break_holder] -->            overflow: hidden;<!-- [et_pb_line_break_holder] -->            white-space: nowrap;<!-- [et_pb_line_break_holder] -->            position: relative;<!-- [et_pb_line_break_holder] -->            font-family: \"Arial Narrow\", sans-serif;<!-- [et_pb_line_break_holder] -->            font-size: 20px;<!-- [et_pb_line_break_holder] -->            color: #cbcbcb;<!-- [et_pb_line_break_holder] -->            text-align: center;<!-- [et_pb_line_break_holder] -->            margin-left: 5%;<!-- [et_pb_line_break_holder] -->           \tmargin-right: 6%;<!-- [et_pb_line_break_holder] -->        }<!-- [et_pb_line_break_holder] --><!-- [et_pb_line_break_holder] -->        .marquee-text {<!-- [et_pb_line_break_holder] -->            display: inline-block;<!-- [et_pb_line_break_holder] -->            animation: scrollText 18s linear infinite;<!-- [et_pb_line_break_holder] -->        }<!-- [et_pb_line_break_holder] -->   @media (max-width: 768px) {<!-- [et_pb_line_break_holder] -->    .marquee-container {<!-- [et_pb_line_break_holder] -->        font-size: 17px;<!-- [et_pb_line_break_holder] -->        margin-left: 20%;<!-- [et_pb_line_break_holder] -->        margin-right: 25%;<!-- [et_pb_line_break_holder] -->    }<!-- [et_pb_line_break_holder] -->}<!-- [et_pb_line_break_holder] --><!-- [et_pb_line_break_holder] -->    <\/style>\n<p><!-- [et_pb_line_break_holder] --><\/head><!-- [et_pb_line_break_holder] --><body><!-- [et_pb_line_break_holder] -->    <\/p>\n<div class=\"marquee-container\"><!-- [et_pb_line_break_holder] -->        <span class=\"marquee-text\">PROJEKTOWANIE i PRODUKCJA : CZ\u0118\u015aCI, MASZYN, URZ\u0104DZE\u0143, NARZ\u0118DZI, PRZYRZ\u0104D\u00d3W, OPRZYRZ\u0104DOWA\u0143 TECHNOLOGICZNYCH, SPRAWDZIAN\u00d3W, itp.<\/span><!-- [et_pb_line_break_holder] -->    <\/div>\n<p><!-- [et_pb_line_break_holder] --><\/body>[\/et_pb_code][\/et_pb_column][\/et_pb_row][\/et_pb_section]<\/p>\n","protected":false},"excerpt":{"rendered":"<p>Witamy na stronie internetowej Biura Technologiczno-Konstrukcyjnego ERJON. Jeste\u015bmy profesjonalnym BIUREM TECHNOLOGICZNO-KONSTRUKCYJNYM, kt\u00f3rego g\u0142\u00f3wn\u0105 dzia\u0142alno\u015bci\u0105 jest projektowanie i produkcja narz\u0119dzi, oprzyrz\u0105dowa\u0144, maszyn oraz cz\u0119\u015bci i detali dla wszystkich bran\u017c przemys\u0142u. Nasza dzia\u0142alno\u015b\u0107 obejmuje tak\u017ce opracowywanie technologii i udzielanie pomocy technicznej. Od roku 2000 \u015bwiadczymy swoje us\u0142ugi projektowo-konstrukcyjne oraz produkcyjne oparte na gruntownej wiedzy i fachowo\u015bci. Szczycimy [&hellip;]<\/p>\n","protected":false},"author":1,"featured_media":0,"parent":0,"menu_order":0,"comment_status":"closed","ping_status":"closed","template":"page-template-blank.php","meta":{"_et_pb_use_builder":"on","_et_pb_old_content":"","_et_gb_content_width":"","footnotes":""},"class_list":["post-5","page","type-page","status-publish","hentry"],"_links":{"self":[{"href":"https:\/\/erjon.com.pl\/index.php\/wp-json\/wp\/v2\/pages\/5","targetHints":{"allow":["GET"]}}],"collection":[{"href":"https:\/\/erjon.com.pl\/index.php\/wp-json\/wp\/v2\/pages"}],"about":[{"href":"https:\/\/erjon.com.pl\/index.php\/wp-json\/wp\/v2\/types\/page"}],"author":[{"embeddable":true,"href":"https:\/\/erjon.com.pl\/index.php\/wp-json\/wp\/v2\/users\/1"}],"replies":[{"embeddable":true,"href":"https:\/\/erjon.com.pl\/index.php\/wp-json\/wp\/v2\/comments?post=5"}],"version-history":[{"count":111,"href":"https:\/\/erjon.com.pl\/index.php\/wp-json\/wp\/v2\/pages\/5\/revisions"}],"predecessor-version":[{"id":432,"href":"https:\/\/erjon.com.pl\/index.php\/wp-json\/wp\/v2\/pages\/5\/revisions\/432"}],"wp:attachment":[{"href":"https:\/\/erjon.com.pl\/index.php\/wp-json\/wp\/v2\/media?parent=5"}],"curies":[{"name":"wp","href":"https:\/\/api.w.org\/{rel}","templated":true}]}}