{"id":7,"date":"2025-01-16T09:01:43","date_gmt":"2025-01-16T08:01:43","guid":{"rendered":"https:\/\/erjon.dfirma.pl\/?page_id=7"},"modified":"2025-03-17T10:46:36","modified_gmt":"2025-03-17T09:46:36","slug":"projekty","status":"publish","type":"page","link":"https:\/\/erjon.com.pl\/index.php\/projekty\/","title":{"rendered":"Projekty"},"content":{"rendered":"<p>[et_pb_section fb_built=&#8221;1&#8243; custom_padding_last_edited=&#8221;on|phone&#8221; _builder_version=&#8221;4.27.4&#8243; _module_preset=&#8221;default&#8221; background_color=&#8221;RGBA(255,255,255,0)&#8221; background_enable_image=&#8221;off&#8221; min_height=&#8221;70vh&#8221; min_height_tablet=&#8221;70vh&#8221; min_height_phone=&#8221;70vh&#8221; min_height_last_edited=&#8221;on|phone&#8221; custom_padding=&#8221;0px||0px||false|false&#8221; custom_padding_tablet=&#8221;0px||0px||false|false&#8221; custom_padding_phone=&#8221;0px||0px||false|false&#8221; global_colors_info=&#8221;{}&#8221;][et_pb_row _builder_version=&#8221;4.27.4&#8243; _module_preset=&#8221;default&#8221; width=&#8221;97%&#8221; max_width=&#8221;100%&#8221; custom_margin=&#8221;||||false|false&#8221; custom_margin_tablet=&#8221;||120px||false|false&#8221; custom_margin_phone=&#8221;||0px||false|false&#8221; custom_margin_last_edited=&#8221;on|phone&#8221; custom_padding=&#8221;10px||10px||false|false&#8221; global_colors_info=&#8221;{}&#8221;][et_pb_column type=&#8221;4_4&#8243; _builder_version=&#8221;4.27.4&#8243; _module_preset=&#8221;default&#8221; global_colors_info=&#8221;{}&#8221;][et_pb_text _builder_version=&#8221;4.27.4&#8243; _module_preset=&#8221;default&#8221; text_font=&#8221;Arial||||||||&#8221; text_text_color=&#8221;#000000&#8243; text_font_size=&#8221;16px&#8221; header_3_font=&#8221;Arial||||||||&#8221; header_3_text_color=&#8221;#000000&#8243; header_3_font_size=&#8221;24px&#8221; header_3_line_height=&#8221;1.3em&#8221; custom_margin=&#8221;0px||0px||false|false&#8221; custom_padding=&#8221;0px||0px||false|false&#8221; global_colors_info=&#8221;{}&#8221;]<\/p>\n<p>Projektuj\u0105c nowe cz\u0119\u015bci, narz\u0119dzia lub maszyny skupiamy si\u0119 przede wszystkim na:<\/p>\n<p>[\/et_pb_text][et_pb_text _builder_version=&#8221;4.27.4&#8243; _module_preset=&#8221;default&#8221; text_font=&#8221;Arial||||||||&#8221; text_text_color=&#8221;#000000&#8243; text_font_size=&#8221;16px&#8221; header_3_font=&#8221;Arial||||||||&#8221; header_3_text_color=&#8221;#000000&#8243; header_3_font_size=&#8221;24px&#8221; header_3_line_height=&#8221;1.3em&#8221; custom_margin=&#8221;0px||10px||false|false&#8221; custom_padding=&#8221;0px||0px||false|false&#8221; global_colors_info=&#8221;{}&#8221;]<span>\u00b7<\/span><span>\u00a0\u00a0\u00a0\u00a0<\/span>zapewnieniu Klientom najwy\u017cszej jako\u015bci oraz terminowym wykonaniu,<br \/>\n<span>\u00b7<\/span><span>\u00a0\u00a0\u00a0\u00a0<\/span>stymulowaniu innowacyjnych rozwi\u0105za\u0144,<br \/>\n<span>\u00b7<\/span><span>\u00a0\u00a0\u00a0\u00a0<\/span>korzystaniu z najnowszych osi\u0105gni\u0119\u0107 techniki,<br \/>\n<span>\u00b7<\/span><span>\u00a0\u00a0\u00a0\u00a0<\/span>stosowaniu aktualnych specyfikacji i norm technicznych.<\/p>\n<p>[\/et_pb_text][et_pb_text _builder_version=&#8221;4.27.4&#8243; _module_preset=&#8221;default&#8221; text_font=&#8221;Arial||||||||&#8221; text_text_color=&#8221;#000000&#8243; text_font_size=&#8221;16px&#8221; header_3_font=&#8221;Arial||||||||&#8221; header_3_text_color=&#8221;#000000&#8243; header_3_font_size=&#8221;24px&#8221; header_3_line_height=&#8221;1.3em&#8221; custom_margin=&#8221;0px||0px||false|false&#8221; custom_padding=&#8221;0px||0px||false|false&#8221; global_colors_info=&#8221;{}&#8221;]<\/p>\n<p>Aby przybli\u017cy\u0107 Pa\u0144stwu nasze mo\u017cliwo\u015bci projektowe i wykonawcze, przedstawiamy poni\u017cej kilka przyk\u0142ad\u00f3w naszych zrealizowanych projekt\u00f3w:<\/p>\n<p>[\/et_pb_text][\/et_pb_column][\/et_pb_row][et_pb_row use_custom_gutter=&#8221;on&#8221; gutter_width=&#8221;2&#8243; _builder_version=&#8221;4.27.4&#8243; _module_preset=&#8221;default&#8221; width=&#8221;97%&#8221; max_width=&#8221;100%&#8221; custom_margin=&#8221;||||false|false&#8221; custom_margin_tablet=&#8221;||120px||false|false&#8221; custom_margin_phone=&#8221;||0px||false|false&#8221; custom_margin_last_edited=&#8221;on|phone&#8221; custom_padding=&#8221;10px||10px||false|false&#8221; global_colors_info=&#8221;{}&#8221;][et_pb_column type=&#8221;4_4&#8243; _builder_version=&#8221;4.27.4&#8243; _module_preset=&#8221;default&#8221; global_colors_info=&#8221;{}&#8221;][et_pb_code _builder_version=&#8221;4.27.4&#8243; _module_preset=&#8221;default&#8221; hover_enabled=&#8221;0&#8243; global_colors_info=&#8221;{}&#8221; sticky_enabled=&#8221;0&#8243;]  <\/p>\n<style><!-- [et_pb_line_break_holder] --> <!-- [et_pb_line_break_holder] -->    .gallery {<!-- [et_pb_line_break_holder] -->      display: grid;<!-- [et_pb_line_break_holder] -->      grid-template-columns: repeat(5, 1fr);<!-- [et_pb_line_break_holder] -->      gap: 10px;<!-- [et_pb_line_break_holder] -->      width: 100%;<!-- [et_pb_line_break_holder] -->      max-width: 100%;<!-- [et_pb_line_break_holder] -->      padding: 0;<!-- [et_pb_line_break_holder] -->    }<!-- [et_pb_line_break_holder] -->    \/* Wsp\u00f3lny styl dla wideo i obraz\u00f3w *\/<!-- [et_pb_line_break_holder] -->    .gallery video,<!-- [et_pb_line_break_holder] -->    .gallery img {<!-- [et_pb_line_break_holder] -->      width: 100%;<!-- [et_pb_line_break_holder] -->      aspect-ratio: 16\/9;<!-- [et_pb_line_break_holder] -->      object-fit: cover;<!-- [et_pb_line_break_holder] -->      display: block;<!-- [et_pb_line_break_holder] -->    }<!-- [et_pb_line_break_holder] -->    \/* Responsywno\u015b\u0107: zmiana liczby kolumn *\/<!-- [et_pb_line_break_holder] -->    @media (max-width: 1200px) {<!-- [et_pb_line_break_holder] -->      .gallery {<!-- [et_pb_line_break_holder] -->        grid-template-columns: repeat(4, 1fr);<!-- [et_pb_line_break_holder] -->      }<!-- [et_pb_line_break_holder] -->    }<!-- [et_pb_line_break_holder] -->    @media (max-width: 768px) {<!-- [et_pb_line_break_holder] -->      .gallery {<!-- [et_pb_line_break_holder] -->        grid-template-columns: repeat(2, 1fr);<!-- [et_pb_line_break_holder] -->      }<!-- [et_pb_line_break_holder] -->    }<!-- [et_pb_line_break_holder] -->  <\/style>\n<p><!-- [et_pb_line_break_holder] --><\/head><!-- [et_pb_line_break_holder] --><body><!-- [et_pb_line_break_holder] -->  <\/p>\n<div class=\"gallery\"><!-- [et_pb_line_break_holder] -->    <!-- Klipy wideo (15) --><!-- [et_pb_line_break_holder] -->    <video controls><!-- [et_pb_line_break_holder] --><source src=\"https:\/\/erjon.com.pl\/wp-content\/uploads\/2025\/03\/20.mp4\" type=\"video\/mp4\"><!-- [et_pb_line_break_holder] -->      Twoja przegl\u0105darka nie wspiera wideo.<!-- [et_pb_line_break_holder] --><\/video><!-- [et_pb_line_break_holder] -->    <video controls><!-- [et_pb_line_break_holder] --><source src=\"https:\/\/erjon.com.pl\/wp-content\/uploads\/2025\/03\/21.mkv\" type=\"video\/mp4\"><!-- [et_pb_line_break_holder] -->      Twoja przegl\u0105darka nie wspiera wideo.<!-- [et_pb_line_break_holder] --><\/video><!-- [et_pb_line_break_holder] -->    <video controls><!-- [et_pb_line_break_holder] --><source src=\"https:\/\/erjon.com.pl\/wp-content\/uploads\/2025\/03\/22.mp4\" type=\"video\/mp4\"><!-- [et_pb_line_break_holder] -->      Twoja przegl\u0105darka nie wspiera wideo.<!-- [et_pb_line_break_holder] --><\/video><!-- [et_pb_line_break_holder] -->    <video controls><!-- [et_pb_line_break_holder] --><source src=\"https:\/\/erjon.com.pl\/wp-content\/uploads\/2025\/02\/23.mp4\" type=\"video\/mp4\"><!-- [et_pb_line_break_holder] -->      Twoja przegl\u0105darka nie wspiera wideo.<!-- [et_pb_line_break_holder] --><\/video><!-- [et_pb_line_break_holder] -->    <video controls><!-- [et_pb_line_break_holder] --><source src=\"https:\/\/erjon.com.pl\/wp-content\/uploads\/2025\/02\/24.mp4\" type=\"video\/mp4\"><!-- [et_pb_line_break_holder] -->      Twoja przegl\u0105darka nie wspiera wideo.<!-- [et_pb_line_break_holder] --><\/video><!-- [et_pb_line_break_holder] -->    <video controls><!-- [et_pb_line_break_holder] --><source src=\"https:\/\/erjon.com.pl\/wp-content\/uploads\/2025\/03\/25.mp4\" type=\"video\/mp4\"><!-- [et_pb_line_break_holder] -->      Twoja przegl\u0105darka nie wspiera wideo.<!-- [et_pb_line_break_holder] --><\/video><!-- [et_pb_line_break_holder] -->    <video controls><!-- [et_pb_line_break_holder] --><source src=\"https:\/\/erjon.com.pl\/wp-content\/uploads\/2025\/03\/26.mp4\" type=\"video\/mp4\"><!-- [et_pb_line_break_holder] -->      Twoja przegl\u0105darka nie wspiera wideo.<!-- [et_pb_line_break_holder] --><\/video><!-- [et_pb_line_break_holder] -->    <video controls><!-- [et_pb_line_break_holder] --><source src=\"https:\/\/erjon.com.pl\/wp-content\/uploads\/2025\/03\/27.mp4\" type=\"video\/mp4\"><!-- [et_pb_line_break_holder] -->      Twoja przegl\u0105darka nie wspiera wideo.<!-- [et_pb_line_break_holder] --><\/video><!-- [et_pb_line_break_holder] -->    <video controls><!-- [et_pb_line_break_holder] --><source src=\"https:\/\/erjon.com.pl\/wp-content\/uploads\/2025\/02\/28.mp4\" type=\"video\/mp4\"><!-- [et_pb_line_break_holder] -->      Twoja przegl\u0105darka nie wspiera wideo.<!-- [et_pb_line_break_holder] --><\/video><!-- [et_pb_line_break_holder] -->    <video controls><!-- [et_pb_line_break_holder] --><source src=\"https:\/\/erjon.com.pl\/wp-content\/uploads\/2025\/02\/29.mp4\" type=\"video\/mp4\"><!-- [et_pb_line_break_holder] -->      Twoja przegl\u0105darka nie wspiera wideo.<!-- [et_pb_line_break_holder] --><\/video><!-- [et_pb_line_break_holder] -->    <video controls><!-- [et_pb_line_break_holder] --><source src=\"https:\/\/erjon.com.pl\/wp-content\/uploads\/2025\/02\/30.mp4\" type=\"video\/mp4\"><!-- [et_pb_line_break_holder] -->      Twoja przegl\u0105darka nie wspiera wideo.<!-- [et_pb_line_break_holder] --><\/video><!-- [et_pb_line_break_holder] -->    <video controls><!-- [et_pb_line_break_holder] --><source src=\"https:\/\/erjon.com.pl\/wp-content\/uploads\/2025\/03\/31.mp4\" type=\"video\/mp4\"><!-- [et_pb_line_break_holder] -->      Twoja przegl\u0105darka nie wspiera wideo.<!-- [et_pb_line_break_holder] --><\/video><!-- [et_pb_line_break_holder] -->    <video controls><!-- [et_pb_line_break_holder] --><source src=\"https:\/\/erjon.com.pl\/wp-content\/uploads\/2025\/03\/32.mp4\" type=\"video\/mp4\"><!-- [et_pb_line_break_holder] -->      Twoja przegl\u0105darka nie wspiera wideo.<!-- [et_pb_line_break_holder] --><\/video><!-- [et_pb_line_break_holder] -->    <video controls><!-- [et_pb_line_break_holder] --><source src=\"https:\/\/erjon.com.pl\/wp-content\/uploads\/2025\/02\/33.mp4\" type=\"video\/mp4\"><!-- [et_pb_line_break_holder] -->      Twoja przegl\u0105darka nie wspiera wideo.<!-- [et_pb_line_break_holder] --><\/video><!-- [et_pb_line_break_holder] -->    <video controls><!-- [et_pb_line_break_holder] --><source src=\"https:\/\/erjon.com.pl\/wp-content\/uploads\/2025\/02\/34.mp4\" type=\"video\/mp4\"><!-- [et_pb_line_break_holder] -->      Twoja przegl\u0105darka nie wspiera wideo.<!-- [et_pb_line_break_holder] --><\/video><!-- [et_pb_line_break_holder] -->    <!-- [et_pb_line_break_holder] -->    <!-- Grafiki \u2013 Simple Lightbox automatycznie dzia\u0142a na linkach do obraz\u00f3w --><!-- [et_pb_line_break_holder] -->    <a href=\"https:\/\/erjon.com.pl\/wp-content\/uploads\/2025\/02\/35-1-2.png\"><!-- [et_pb_line_break_holder] -->      <img src=\"https:\/\/erjon.com.pl\/wp-content\/uploads\/2025\/02\/35-1-2.png\" alt=\"Grafika 35-1-2\" loading=\"lazy\" decoding=\"async\"><!-- [et_pb_line_break_holder] -->    <\/a><!-- [et_pb_line_break_holder] -->    <a href=\"https:\/\/erjon.com.pl\/wp-content\/uploads\/2025\/02\/36-1-1.png\"><!-- [et_pb_line_break_holder] -->      <img src=\"https:\/\/erjon.com.pl\/wp-content\/uploads\/2025\/02\/36-1-1.png\" alt=\"Grafika 36-1-1\" loading=\"lazy\" decoding=\"async\"><!-- [et_pb_line_break_holder] -->    <\/a><!-- [et_pb_line_break_holder] -->    <a href=\"https:\/\/erjon.com.pl\/wp-content\/uploads\/2025\/02\/37-1-1.png\"><!-- [et_pb_line_break_holder] -->      <img src=\"https:\/\/erjon.com.pl\/wp-content\/uploads\/2025\/02\/37-1-1.png\" alt=\"Grafika 37-1-1\" loading=\"lazy\" decoding=\"async\"><!-- [et_pb_line_break_holder] -->    <\/a><!-- [et_pb_line_break_holder] -->    <a href=\"https:\/\/erjon.com.pl\/wp-content\/uploads\/2025\/02\/38-1-1.png\"><!-- [et_pb_line_break_holder] -->      <img src=\"https:\/\/erjon.com.pl\/wp-content\/uploads\/2025\/02\/38-1-1.png\" alt=\"Grafika 38-1-1\" loading=\"lazy\" decoding=\"async\"><!-- [et_pb_line_break_holder] -->    <\/a><!-- [et_pb_line_break_holder] -->    <a href=\"https:\/\/erjon.com.pl\/wp-content\/uploads\/2025\/02\/39-1-1.png\"><!-- [et_pb_line_break_holder] -->      <img src=\"https:\/\/erjon.com.pl\/wp-content\/uploads\/2025\/02\/39-1-1.png\" alt=\"Grafika 39-1-1\" loading=\"lazy\" decoding=\"async\"><!-- [et_pb_line_break_holder] -->    <\/a><!-- [et_pb_line_break_holder] -->    <a href=\"https:\/\/erjon.com.pl\/wp-content\/uploads\/2025\/02\/40-1-1.png\"><!-- [et_pb_line_break_holder] -->      <img src=\"https:\/\/erjon.com.pl\/wp-content\/uploads\/2025\/02\/40-1-1.png\" alt=\"Grafika 40-1-1\" loading=\"lazy\" decoding=\"async\"><!-- [et_pb_line_break_holder] -->    <\/a><!-- [et_pb_line_break_holder] -->    <a href=\"https:\/\/erjon.com.pl\/wp-content\/uploads\/2025\/02\/41-1-1.png\"><!-- [et_pb_line_break_holder] -->      <img src=\"https:\/\/erjon.com.pl\/wp-content\/uploads\/2025\/02\/41-1-1.png\" alt=\"Grafika 41-1-1\" loading=\"lazy\" decoding=\"async\"><!-- [et_pb_line_break_holder] -->    <\/a><!-- [et_pb_line_break_holder] -->    <a href=\"https:\/\/erjon.com.pl\/wp-content\/uploads\/2025\/02\/42-1-1.png\"><!-- [et_pb_line_break_holder] -->      <img src=\"https:\/\/erjon.com.pl\/wp-content\/uploads\/2025\/02\/42-1-1.png\" alt=\"Grafika 42-1-1\" loading=\"lazy\" decoding=\"async\"><!-- [et_pb_line_break_holder] -->    <\/a><!-- [et_pb_line_break_holder] -->    <a href=\"https:\/\/erjon.com.pl\/wp-content\/uploads\/2025\/02\/43-1-1.png\"><!-- [et_pb_line_break_holder] -->      <img src=\"https:\/\/erjon.com.pl\/wp-content\/uploads\/2025\/02\/43-1-1.png\" alt=\"Grafika 43-1-1\" loading=\"lazy\" decoding=\"async\"><!-- [et_pb_line_break_holder] -->    <\/a><!-- [et_pb_line_break_holder] -->    <a href=\"https:\/\/erjon.com.pl\/wp-content\/uploads\/2025\/02\/44-1-1.png\"><!-- [et_pb_line_break_holder] -->      <img src=\"https:\/\/erjon.com.pl\/wp-content\/uploads\/2025\/02\/44-1-1.png\" alt=\"Grafika 44-1-1\" loading=\"lazy\" decoding=\"async\"><!-- [et_pb_line_break_holder] -->    <\/a><!-- [et_pb_line_break_holder] -->  <\/div>\n<p>[\/et_pb_code][\/et_pb_column][\/et_pb_row][et_pb_row _builder_version=&#8221;4.27.4&#8243; _module_preset=&#8221;default&#8221; width=&#8221;97%&#8221; max_width=&#8221;100%&#8221; custom_margin=&#8221;||||false|false&#8221; custom_margin_tablet=&#8221;||120px||false|false&#8221; custom_margin_phone=&#8221;||0px||false|false&#8221; custom_margin_last_edited=&#8221;on|phone&#8221; custom_padding=&#8221;10px||10px||false|false&#8221; global_colors_info=&#8221;{}&#8221;][et_pb_column type=&#8221;4_4&#8243; _builder_version=&#8221;4.27.4&#8243; _module_preset=&#8221;default&#8221; global_colors_info=&#8221;{}&#8221;][et_pb_text _builder_version=&#8221;4.27.4&#8243; _module_preset=&#8221;default&#8221; text_font=&#8221;Arial||||||||&#8221; text_text_color=&#8221;#000000&#8243; text_font_size=&#8221;16px&#8221; header_3_font=&#8221;Arial||||||||&#8221; header_3_text_color=&#8221;#000000&#8243; header_3_font_size=&#8221;24px&#8221; header_3_line_height=&#8221;1.3em&#8221; custom_margin=&#8221;||20px||false|false&#8221; global_colors_info=&#8221;{}&#8221;]<\/p>\n<p>Przedstawione przyk\u0142ady to tylko niewielka pr\u00f3bka zrealizowanych projekt\u00f3w. Zapraszamy do korzystania z naszych us\u0142ug. S\u0142u\u017cymy Pa\u0144stwu naszym do\u015bwiadczeniem i wiedz\u0105. Zapewniamy jako\u015b\u0107 oraz terminowo\u015b\u0107 dostaw powierzonych projekt\u00f3w i zam\u00f3wie\u0144.<\/p>\n<p>[\/et_pb_text][\/et_pb_column][\/et_pb_row][\/et_pb_section][et_pb_section fb_built=&#8221;1&#8243; custom_padding_last_edited=&#8221;off|desktop&#8221; _builder_version=&#8221;4.27.4&#8243; _module_preset=&#8221;default&#8221; background_color=&#8221;RGBA(255,255,255,0)&#8221; background_image=&#8221;https:\/\/erjon.com.pl\/wp-content\/uploads\/2025\/02\/153.jpg&#8221; positioning=&#8221;none&#8221; position_origin_a=&#8221;bottom_center&#8221; position_origin_f=&#8221;bottom_center&#8221; z_index=&#8221;500&#8243; min_height_last_edited=&#8221;off|desktop&#8221; custom_padding=&#8221;0px||0px||false|false&#8221; custom_padding_tablet=&#8221;0px||0px||false|false&#8221; custom_padding_phone=&#8221;||100px||false|false&#8221; global_module=&#8221;215&#8243; saved_tabs=&#8221;all&#8221; global_colors_info=&#8221;{}&#8221; background__hover_enabled=&#8221;off|desktop&#8221;][et_pb_row use_custom_gutter=&#8221;on&#8221; gutter_width=&#8221;1&#8243; _builder_version=&#8221;4.27.4&#8243; _module_preset=&#8221;default&#8221; background_image=&#8221;https:\/\/erjon.com.pl\/wp-content\/uploads\/2025\/02\/123401-2.jpg&#8221; background_size=&#8221;contain&#8221; background_position=&#8221;bottom_center&#8221; background_repeat=&#8221;repeat-x&#8221; positioning=&#8221;none&#8221; position_origin_a=&#8221;bottom_center&#8221; position_origin_f=&#8221;bottom_center&#8221; z_index=&#8221;500&#8243; position_origin_a_tablet=&#8221;bottom_center&#8221; position_origin_a_phone=&#8221;bottom_center&#8221; position_origin_a_last_edited=&#8221;on|phone&#8221; position_origin_f_tablet=&#8221;bottom_center&#8221; position_origin_f_phone=&#8221;bottom_center&#8221; position_origin_f_last_edited=&#8221;on|phone&#8221; position_origin_r_tablet=&#8221;&#8221; position_origin_r_phone=&#8221;&#8221; position_origin_r_last_edited=&#8221;on|phone&#8221; width=&#8221;100%&#8221; max_width=&#8221;100%&#8221; custom_margin=&#8221;0px||0px||false|false&#8221; custom_padding=&#8221;0px||0px||true|false&#8221; positioning_tablet=&#8221;fixed&#8221; positioning_phone=&#8221;none&#8221; positioning_last_edited=&#8221;on|phone&#8221; global_colors_info=&#8221;{}&#8221;][et_pb_column type=&#8221;4_4&#8243; _builder_version=&#8221;4.27.4&#8243; _module_preset=&#8221;default&#8221; global_colors_info=&#8221;{}&#8221;][et_pb_code _builder_version=&#8221;4.27.4&#8243; _module_preset=&#8221;default&#8221; background_image=&#8221;https:\/\/erjon.com.pl\/wp-content\/uploads\/2025\/02\/2erjon_footer.png&#8221; background_size=&#8221;stretch&#8221; custom_margin=&#8221;5px||5px||true|false&#8221; custom_margin_tablet=&#8221;5px||5px||true|false&#8221; custom_margin_phone=&#8221;3px||3px||true|false&#8221; custom_margin_last_edited=&#8221;on|phone&#8221; background_last_edited=&#8221;on|phone&#8221; background_image_phone=&#8221;https:\/\/erjon.com.pl\/wp-content\/uploads\/2025\/02\/MOBILE-FOOTER.png&#8221; background_enable_image_phone=&#8221;on&#8221; global_colors_info=&#8221;{}&#8221;] <\/p>\n<style><!-- [et_pb_line_break_holder] -->        @keyframes scrollText {<!-- [et_pb_line_break_holder] -->            from {<!-- [et_pb_line_break_holder] -->                transform: translateX(100%);<!-- [et_pb_line_break_holder] -->            }<!-- [et_pb_line_break_holder] -->            to {<!-- [et_pb_line_break_holder] -->                transform: translateX(-100%);<!-- [et_pb_line_break_holder] -->            }<!-- [et_pb_line_break_holder] -->        }<!-- [et_pb_line_break_holder] --><!-- [et_pb_line_break_holder] -->        .marquee-container {<!-- [et_pb_line_break_holder] -->            height: 50px;<!-- [et_pb_line_break_holder] -->            display: flex;<!-- [et_pb_line_break_holder] -->            align-items: center;<!-- [et_pb_line_break_holder] -->            overflow: hidden;<!-- [et_pb_line_break_holder] -->            white-space: nowrap;<!-- [et_pb_line_break_holder] -->            position: relative;<!-- [et_pb_line_break_holder] -->            font-family: \"Arial Narrow\", sans-serif;<!-- [et_pb_line_break_holder] -->            font-size: 20px;<!-- [et_pb_line_break_holder] -->            color: #cbcbcb;<!-- [et_pb_line_break_holder] -->            text-align: center;<!-- [et_pb_line_break_holder] -->            margin-left: 5%;<!-- [et_pb_line_break_holder] -->           \tmargin-right: 6%;<!-- [et_pb_line_break_holder] -->        }<!-- [et_pb_line_break_holder] --><!-- [et_pb_line_break_holder] -->        .marquee-text {<!-- [et_pb_line_break_holder] -->            display: inline-block;<!-- [et_pb_line_break_holder] -->            animation: scrollText 18s linear infinite;<!-- [et_pb_line_break_holder] -->        }<!-- [et_pb_line_break_holder] -->   @media (max-width: 768px) {<!-- [et_pb_line_break_holder] -->    .marquee-container {<!-- [et_pb_line_break_holder] -->        font-size: 17px;<!-- [et_pb_line_break_holder] -->        margin-left: 20%;<!-- [et_pb_line_break_holder] -->        margin-right: 25%;<!-- [et_pb_line_break_holder] -->    }<!-- [et_pb_line_break_holder] -->}<!-- [et_pb_line_break_holder] --><!-- [et_pb_line_break_holder] -->    <\/style>\n<p><!-- [et_pb_line_break_holder] --><\/head><!-- [et_pb_line_break_holder] --><body><!-- [et_pb_line_break_holder] -->    <\/p>\n<div class=\"marquee-container\"><!-- [et_pb_line_break_holder] -->        <span class=\"marquee-text\">PROJEKTOWANIE i PRODUKCJA : CZ\u0118\u015aCI, MASZYN, URZ\u0104DZE\u0143, NARZ\u0118DZI, PRZYRZ\u0104D\u00d3W, OPRZYRZ\u0104DOWA\u0143 TECHNOLOGICZNYCH, SPRAWDZIAN\u00d3W, itp.<\/span><!-- [et_pb_line_break_holder] -->    <\/div>\n<p><!-- [et_pb_line_break_holder] --><\/body>[\/et_pb_code][\/et_pb_column][\/et_pb_row][\/et_pb_section]<\/p>\n","protected":false},"excerpt":{"rendered":"<p>Projektuj\u0105c nowe cz\u0119\u015bci, narz\u0119dzia lub maszyny skupiamy si\u0119 przede wszystkim na:\u00b7\u00a0\u00a0\u00a0\u00a0zapewnieniu Klientom najwy\u017cszej jako\u015bci oraz terminowym wykonaniu, \u00b7\u00a0\u00a0\u00a0\u00a0stymulowaniu innowacyjnych rozwi\u0105za\u0144, \u00b7\u00a0\u00a0\u00a0\u00a0korzystaniu z najnowszych osi\u0105gni\u0119\u0107 techniki, \u00b7\u00a0\u00a0\u00a0\u00a0stosowaniu aktualnych specyfikacji i norm technicznych.Aby przybli\u017cy\u0107 Pa\u0144stwu nasze mo\u017cliwo\u015bci projektowe i wykonawcze, przedstawiamy poni\u017cej kilka przyk\u0142ad\u00f3w naszych zrealizowanych projekt\u00f3w:Przedstawione przyk\u0142ady to tylko niewielka pr\u00f3bka zrealizowanych projekt\u00f3w. Zapraszamy do korzystania [&hellip;]<\/p>\n","protected":false},"author":1,"featured_media":0,"parent":0,"menu_order":0,"comment_status":"closed","ping_status":"closed","template":"page-template-blank.php","meta":{"_et_pb_use_builder":"on","_et_pb_old_content":"","_et_gb_content_width":"","footnotes":""},"class_list":["post-7","page","type-page","status-publish","hentry"],"_links":{"self":[{"href":"https:\/\/erjon.com.pl\/index.php\/wp-json\/wp\/v2\/pages\/7","targetHints":{"allow":["GET"]}}],"collection":[{"href":"https:\/\/erjon.com.pl\/index.php\/wp-json\/wp\/v2\/pages"}],"about":[{"href":"https:\/\/erjon.com.pl\/index.php\/wp-json\/wp\/v2\/types\/page"}],"author":[{"embeddable":true,"href":"https:\/\/erjon.com.pl\/index.php\/wp-json\/wp\/v2\/users\/1"}],"replies":[{"embeddable":true,"href":"https:\/\/erjon.com.pl\/index.php\/wp-json\/wp\/v2\/comments?post=7"}],"version-history":[{"count":20,"href":"https:\/\/erjon.com.pl\/index.php\/wp-json\/wp\/v2\/pages\/7\/revisions"}],"predecessor-version":[{"id":465,"href":"https:\/\/erjon.com.pl\/index.php\/wp-json\/wp\/v2\/pages\/7\/revisions\/465"}],"wp:attachment":[{"href":"https:\/\/erjon.com.pl\/index.php\/wp-json\/wp\/v2\/media?parent=7"}],"curies":[{"name":"wp","href":"https:\/\/api.w.org\/{rel}","templated":true}]}}